{"id":262,"date":"2024-08-07T16:51:54","date_gmt":"2024-08-07T16:51:54","guid":{"rendered":"https:\/\/www.jedrenje-joga.org.rs\/?page_id=262"},"modified":"2025-02-14T08:38:52","modified_gmt":"2025-02-14T08:38:52","slug":"misija","status":"publish","type":"page","link":"https:\/\/www.jedrenje-joga.org.rs\/en\/misija\/","title":{"rendered":"Misija"},"content":{"rendered":"<div data-elementor-type=\"wp-page\" data-elementor-id=\"262\" class=\"elementor elementor-262\">\n\t\t\t\t<div class=\"elementor-element elementor-element-47891a08 element-pack-agbg-yes e-flex e-con-boxed wpr-particle-no wpr-jarallax-no wpr-parallax-no wpr-sticky-section-no e-con e-parent\" data-id=\"47891a08\" data-element_type=\"container\" data-settings=\"{&quot;background_background&quot;:&quot;classic&quot;,&quot;element_pack_agbg_show&quot;:&quot;yes&quot;,&quot;element_pack_agbg_color_list&quot;:[{&quot;start_color&quot;:&quot;#000000&quot;,&quot;_id&quot;:&quot;5848648&quot;,&quot;end_color&quot;:&quot;#fefefe&quot;},{&quot;start_color&quot;:&quot;#001987&quot;,&quot;end_color&quot;:&quot;#FFFFFF&quot;,&quot;_id&quot;:&quot;0a63217&quot;}],&quot;element_pack_agbg_transitionSpeed&quot;:{&quot;unit&quot;:&quot;px&quot;,&quot;size&quot;:3000,&quot;sizes&quot;:[]},&quot;element_pack_agbg_direction&quot;:&quot;diagonal&quot;}\">\n\t\t\t\t\t<div class=\"e-con-inner\">\n\t\t\t\t<div class=\"elementor-element elementor-element-225eb7b0 elementor-widget elementor-widget-heading\" data-id=\"225eb7b0\" data-element_type=\"widget\" data-widget_type=\"heading.default\">\n\t\t\t\t<div class=\"elementor-widget-container\">\n\t\t\t<style>\/*! elementor - v3.23.0 - 05-08-2024 *\/\n.elementor-heading-title{padding:0;margin:0;line-height:1}.elementor-widget-heading .elementor-heading-title[class*=elementor-size-]>a{color:inherit;font-size:inherit;line-height:inherit}.elementor-widget-heading .elementor-heading-title.elementor-size-small{font-size:15px}.elementor-widget-heading .elementor-heading-title.elementor-size-medium{font-size:19px}.elementor-widget-heading .elementor-heading-title.elementor-size-large{font-size:29px}.elementor-widget-heading .elementor-heading-title.elementor-size-xl{font-size:39px}.elementor-widget-heading .elementor-heading-title.elementor-size-xxl{font-size:59px}<\/style><h1 class=\"elementor-heading-title elementor-size-default\">\nmore, sunce, vetar -\n trojstvo koje nadahnjuje - ostaje da proverite sumnje i dileme oko ove avanture, hrabro\u0161\u0107u i \u017eeljom za promenom svega!<\/h1>\t\t<\/div>\n\t\t\t\t<\/div>\n\t\t\t\t\t<\/div>\n\t\t\t\t<\/div>\n\t\t<div class=\"elementor-element elementor-element-cc0b655 e-flex e-con-boxed wpr-particle-no wpr-jarallax-no wpr-parallax-no wpr-sticky-section-no e-con e-parent\" data-id=\"cc0b655\" data-element_type=\"container\">\n\t\t\t\t\t<div class=\"e-con-inner\">\n\t\t<div class=\"elementor-element elementor-element-4af9850 e-con-full e-flex wpr-particle-no wpr-jarallax-no wpr-parallax-no wpr-sticky-section-no e-con e-child\" data-id=\"4af9850\" data-element_type=\"container\">\n\t\t\t\t<div class=\"elementor-element elementor-element-da0e5d0 elementor-widget elementor-widget-heading\" data-id=\"da0e5d0\" data-element_type=\"widget\" data-widget_type=\"heading.default\">\n\t\t\t\t<div class=\"elementor-widget-container\">\n\t\t\t<h2 class=\"elementor-heading-title elementor-size-default\">Mo\u017eete pogledati facebook stranice<\/h2>\t\t<\/div>\n\t\t\t\t<\/div>\n\t\t\t\t<div class=\"elementor-element elementor-element-cda03e2 elementor-widget elementor-widget-text-editor\" data-id=\"cda03e2\" data-element_type=\"widget\" data-widget_type=\"text-editor.default\">\n\t\t\t\t<div class=\"elementor-widget-container\">\n\t\t\t<style>\/*! elementor - v3.23.0 - 05-08-2024 *\/\n.elementor-widget-text-editor.elementor-drop-cap-view-stacked .elementor-drop-cap{background-color:#69727d;color:#fff}.elementor-widget-text-editor.elementor-drop-cap-view-framed .elementor-drop-cap{color:#69727d;border:3px solid;background-color:transparent}.elementor-widget-text-editor:not(.elementor-drop-cap-view-default) .elementor-drop-cap{margin-top:8px}.elementor-widget-text-editor:not(.elementor-drop-cap-view-default) .elementor-drop-cap-letter{width:1em;height:1em}.elementor-widget-text-editor .elementor-drop-cap{float:left;text-align:center;line-height:1;font-size:50px}.elementor-widget-text-editor .elementor-drop-cap-letter{display:inline-block}<\/style>\t\t\t\t<p><strong>Klub LAN<\/strong> iz Beograd je kung fu vu-\u0161u klub sa ujedno Joga instruktorima<\/p><p><strong>Jedrilica PETAR PAN<\/strong> je u vlasni\u0161tvu preduze\u0107a: &#8222;Nautilius Nostromo&#8220; d.o.o. i privezana cijele godine u marini <em><span style=\"text-decoration: underline;\">DRAGE<\/span><\/em> kod Pako\u0161tana i slu\u017ei najmu kao i ostatak flote agencije &#8222;MAJESTIC-CHARTER&#8220;<\/p><p>KLIKNI:<\/p><p><blockquote class=\"wp-embedded-content\" data-secret=\"TJxW03NyKB\"><a href=\"https:\/\/majestic-charter.com\/\">MAJESTIC CHARTER<\/a><\/blockquote><iframe class=\"wp-embedded-content\" sandbox=\"allow-scripts\" security=\"restricted\" style=\"position: absolute; visibility: hidden;\" title=\"&#8220;MAJESTIC CHARTER&#8221; &#8212; Majestic Charter\" src=\"https:\/\/majestic-charter.com\/embed\/#?secret=Ar2DWSEm1C#?secret=TJxW03NyKB\" data-secret=\"TJxW03NyKB\" width=\"600\" height=\"338\" frameborder=\"0\" marginwidth=\"0\" marginheight=\"0\" scrolling=\"no\"><\/iframe><\/p>\t\t\t\t\t\t<\/div>\n\t\t\t\t<\/div>\n\t\t\t\t<div class=\"elementor-element elementor-element-6f88fb4 elementor-widget elementor-widget-image\" data-id=\"6f88fb4\" data-element_type=\"widget\" data-widget_type=\"image.default\">\n\t\t\t\t<div class=\"elementor-widget-container\">\n\t\t\t<style>\/*! elementor - v3.23.0 - 05-08-2024 *\/\n.elementor-widget-image{text-align:center}.elementor-widget-image a{display:inline-block}.elementor-widget-image a img[src$=\".svg\"]{width:48px}.elementor-widget-image img{vertical-align:middle;display:inline-block}<\/style>\t\t\t\t\t\t\t\t\t\t\t<a href=\"https:\/\/majestic-charter.com\/\">\n\t\t\t\t\t\t\t<img fetchpriority=\"high\" decoding=\"async\" width=\"1024\" height=\"682\" src=\"https:\/\/www.jedrenje-joga.org.rs\/wp-content\/uploads\/2025\/02\/marina-Drage-0009-1024x682.webp\" class=\"attachment-large size-large wp-image-753\" alt=\"\" srcset=\"https:\/\/www.jedrenje-joga.org.rs\/wp-content\/uploads\/2025\/02\/marina-Drage-0009-1024x682.webp 1024w, https:\/\/www.jedrenje-joga.org.rs\/wp-content\/uploads\/2025\/02\/marina-Drage-0009-300x200.webp 300w, https:\/\/www.jedrenje-joga.org.rs\/wp-content\/uploads\/2025\/02\/marina-Drage-0009-768x511.webp 768w, https:\/\/www.jedrenje-joga.org.rs\/wp-content\/uploads\/2025\/02\/marina-Drage-0009-18x12.webp 18w, https:\/\/www.jedrenje-joga.org.rs\/wp-content\/uploads\/2025\/02\/marina-Drage-0009.webp 1500w\" sizes=\"(max-width: 1024px) 100vw, 1024px\" \/>\t\t\t\t\t\t\t\t<\/a>\n\t\t\t\t\t\t\t\t\t\t\t\t\t<\/div>\n\t\t\t\t<\/div>\n\t\t\t\t<\/div>\n\t\t<div class=\"elementor-element elementor-element-e7a0a44 e-con-full e-flex wpr-particle-no wpr-jarallax-no wpr-parallax-no wpr-sticky-section-no e-con e-child\" data-id=\"e7a0a44\" data-element_type=\"container\">\n\t\t\t\t<div class=\"elementor-element elementor-element-57e470b wpr-promo-box-style-cover elementor-widget elementor-widget-wpr-promo-box\" data-id=\"57e470b\" data-element_type=\"widget\" data-widget_type=\"wpr-promo-box.default\">\n\t\t\t\t<div class=\"elementor-widget-container\">\n\t\t\t\n\t\t<div class=\"wpr-promo-box wpr-animation-wrap\">\n\n\t\t\t\t\t\t\t\n\t\t\t\t\t\t\t<div class=\"wpr-promo-box-image\">\n\t\t\t\t\t<div class=\"wpr-promo-box-bg-image wpr-bg-anim-zoom-in wpr-anim-timing-ease-default\" style=\"background-image:url(https:\/\/www.jedrenje-joga.org.rs\/wp-content\/uploads\/2024\/08\/2019_08_03_IMG_026.webp);\"><\/div>\n\t\t\t\t\t<div class=\"wpr-promo-box-bg-overlay wpr-border-anim-oscar\"><\/div>\n\t\t\t\t<\/div>\n\t\t\t\t\t\t\n\t\t\t<div class=\"wpr-promo-box-content\">\n\n\t\t\t\t\t\t\t\t<div class=\"wpr-promo-box-icon\">\n\t\t\t\t\t\t\t\t\t<\/div>\n\t\t\t\t\n\t\t\t\t<h3 class=\"wpr-promo-box-title\"><span>Jedrenje - joga - ronjenje<\/span><\/h3>\n\t\t\t\t\t\t\t\t\t<div class=\"wpr-promo-box-description\">\n\t\t\t\t\t\t<p><p>Jedrenje otvara prozore, put u nepoznato, izazov duha da iza\u0111e na svetlost dana i pohrli ka vetrovima i nepreglenom<\/p><\/p>\t\n\t\t\t\t\t<\/div>\t\t\t\t\t\t\n\t\t\t\t\n\t\t\t\t\t\t\t\t\t<div class=\"wpr-promo-box-btn-wrap\">\n\t\t\t\t\t\t<a class=\"wpr-promo-box-btn\" href=\"https:\/\/www.facebook.com\/profile.php?id=100059272936796\">\n\n\t\t\t\t\t\t\t\t\t\t\t\t\t\t<span class=\"wpr-promo-box-btn-text\">Pogledaj stranicu<\/span>\t\t\n\t\t\t\t\t\t\t\n\t\t\t\t\t\t\t\t\t\t\t\t\t<\/a>\n\t\t\t\t\t<\/div>\t\n\t\t\t\t\t\t\t<\/div>\n\n\t\t\t\t\t<\/div>\n\n\t\t\t\t<\/div>\n\t\t\t\t<\/div>\n\t\t\t\t<div class=\"elementor-element elementor-element-560f9a7 wpr-promo-box-style-cover elementor-widget elementor-widget-wpr-promo-box\" data-id=\"560f9a7\" data-element_type=\"widget\" data-widget_type=\"wpr-promo-box.default\">\n\t\t\t\t<div class=\"elementor-widget-container\">\n\t\t\t\n\t\t<div class=\"wpr-promo-box wpr-animation-wrap\">\n\n\t\t\t\t\t\t\t\n\t\t\t\t\t\t\t<div class=\"wpr-promo-box-image\">\n\t\t\t\t\t<div class=\"wpr-promo-box-bg-image wpr-bg-anim-zoom-in wpr-anim-timing-ease-default\" style=\"background-image:url(https:\/\/www.jedrenje-joga.org.rs\/wp-content\/uploads\/2024\/08\/Klub-LAN.jpg);\"><\/div>\n\t\t\t\t\t<div class=\"wpr-promo-box-bg-overlay wpr-border-anim-oscar\"><\/div>\n\t\t\t\t<\/div>\n\t\t\t\t\t\t\n\t\t\t<div class=\"wpr-promo-box-content\">\n\n\t\t\t\t\t\t\t\t<div class=\"wpr-promo-box-icon\">\n\t\t\t\t\t\t\t\t\t<\/div>\n\t\t\t\t\n\t\t\t\t<h3 class=\"wpr-promo-box-title\"><span>Klub Lan<\/span><\/h3>\n\t\t\t\t\t\t\t\t\t<div class=\"wpr-promo-box-description\">\n\t\t\t\t\t\t<p><p>Klub \u201eLAN\u201c (na kineskom \u2013 Zmaj) je mesto za razvoj isto\u010dnja\u010dkih i drugih ve\u0161tina.<\/p><\/p>\t\n\t\t\t\t\t<\/div>\t\t\t\t\t\t\n\t\t\t\t\n\t\t\t\t\t\t\t\t\t<div class=\"wpr-promo-box-btn-wrap\">\n\t\t\t\t\t\t<a class=\"wpr-promo-box-btn\" href=\"https:\/\/www.facebook.com\/klublanbeograd\">\n\n\t\t\t\t\t\t\t\t\t\t\t\t\t\t<span class=\"wpr-promo-box-btn-text\">Pogledaj stranicu<\/span>\t\t\n\t\t\t\t\t\t\t\n\t\t\t\t\t\t\t\t\t\t\t\t\t<\/a>\n\t\t\t\t\t<\/div>\t\n\t\t\t\t\t\t\t<\/div>\n\n\t\t\t\t\t<\/div>\n\n\t\t\t\t<\/div>\n\t\t\t\t<\/div>\n\t\t\t\t<div class=\"elementor-element elementor-element-442c2ab elementor-widget elementor-widget-image\" data-id=\"442c2ab\" data-element_type=\"widget\" data-widget_type=\"image.default\">\n\t\t\t\t<div class=\"elementor-widget-container\">\n\t\t\t\t\t\t\t\t\t\t\t\t\t\t<a href=\"https:\/\/majestic-charter.com\/\">\n\t\t\t\t\t\t\t<img decoding=\"async\" width=\"540\" height=\"775\" src=\"https:\/\/www.jedrenje-joga.org.rs\/wp-content\/uploads\/2024\/08\/logo-jedrenje-joga.png\" class=\"attachment-large size-large wp-image-367\" alt=\"\" srcset=\"https:\/\/www.jedrenje-joga.org.rs\/wp-content\/uploads\/2024\/08\/logo-jedrenje-joga.png 540w, https:\/\/www.jedrenje-joga.org.rs\/wp-content\/uploads\/2024\/08\/logo-jedrenje-joga-209x300.png 209w\" sizes=\"(max-width: 540px) 100vw, 540px\" \/>\t\t\t\t\t\t\t\t<\/a>\n\t\t\t\t\t\t\t\t\t\t\t\t\t<\/div>\n\t\t\t\t<\/div>\n\t\t\t\t<\/div>\n\t\t\t\t\t<\/div>\n\t\t\t\t<\/div>\n\t\t<div class=\"elementor-element elementor-element-96e63b0 e-flex e-con-boxed wpr-particle-no wpr-jarallax-no wpr-parallax-no wpr-sticky-section-no e-con e-parent\" data-id=\"96e63b0\" data-element_type=\"container\">\n\t\t\t\t\t<div class=\"e-con-inner\">\n\t\t\t\t\t<\/div>\n\t\t\t\t<\/div>\n\t\t<div class=\"elementor-element elementor-element-94f91af e-flex e-con-boxed wpr-particle-no wpr-jarallax-no wpr-parallax-no wpr-sticky-section-no e-con e-parent\" data-id=\"94f91af\" data-element_type=\"container\">\n\t\t\t\t\t<div class=\"e-con-inner\">\n\t\t\t\t\t<\/div>\n\t\t\t\t<\/div>\n\t\t\t\t<\/div>","protected":false},"excerpt":{"rendered":"<p>more, sunce, vetar &#8211; trojstvo koje nadahnjuje &#8211; ostaje da proverite sumnje i dileme oko ove avanture, hrabro\u0161\u0107u i \u017eeljom za promenom svega! Mo\u017eete pogledati facebook stranice Klub LAN iz Beograd je kung fu vu-\u0161u klub sa ujedno Joga instruktorima Jedrilica PETAR PAN je u vlasni\u0161tvu preduze\u0107a: &#8222;Nautilius Nostromo&#8220; d.o.o. i privezana cijele godine u marini DRAGE kod Pako\u0161tana i slu\u017ei najmu kao i ostatak flote agencije &#8222;MAJESTIC-CHARTER&#8220; KLIKNI: MAJESTIC CHARTER Jedrenje &#8211; joga &#8211; ronjenje Jedrenje otvara prozore, put u nepoznato, izazov duha da iza\u0111e na svetlost dana i pohrli ka vetrovima i nepreglenom Pogledaj stranicu Klub Lan Klub \u201eLAN\u201c (na kineskom \u2013 Zmaj) je mesto za razvoj isto\u010dnja\u010dkih i drugih ve\u0161tina. Pogledaj stranicu<\/p>","protected":false},"author":1,"featured_media":0,"parent":0,"menu_order":0,"comment_status":"closed","ping_status":"closed","template":"","meta":{"footnotes":""},"class_list":["post-262","page","type-page","status-publish","hentry"],"blocksy_meta":[],"_links":{"self":[{"href":"https:\/\/www.jedrenje-joga.org.rs\/en\/wp-json\/wp\/v2\/pages\/262","targetHints":{"allow":["GET"]}}],"collection":[{"href":"https:\/\/www.jedrenje-joga.org.rs\/en\/wp-json\/wp\/v2\/pages"}],"about":[{"href":"https:\/\/www.jedrenje-joga.org.rs\/en\/wp-json\/wp\/v2\/types\/page"}],"author":[{"embeddable":true,"href":"https:\/\/www.jedrenje-joga.org.rs\/en\/wp-json\/wp\/v2\/users\/1"}],"replies":[{"embeddable":true,"href":"https:\/\/www.jedrenje-joga.org.rs\/en\/wp-json\/wp\/v2\/comments?post=262"}],"version-history":[{"count":43,"href":"https:\/\/www.jedrenje-joga.org.rs\/en\/wp-json\/wp\/v2\/pages\/262\/revisions"}],"predecessor-version":[{"id":759,"href":"https:\/\/www.jedrenje-joga.org.rs\/en\/wp-json\/wp\/v2\/pages\/262\/revisions\/759"}],"wp:attachment":[{"href":"https:\/\/www.jedrenje-joga.org.rs\/en\/wp-json\/wp\/v2\/media?parent=262"}],"curies":[{"name":"wp","href":"https:\/\/api.w.org\/{rel}","templated":true}]}}