{"id":375,"date":"2024-08-12T10:11:15","date_gmt":"2024-08-12T10:11:15","guid":{"rendered":"https:\/\/www.jedrenje-joga.org.rs\/?page_id=375"},"modified":"2025-02-14T08:12:32","modified_gmt":"2025-02-14T08:12:32","slug":"putovanja-2025","status":"publish","type":"page","link":"https:\/\/www.jedrenje-joga.org.rs\/en\/putovanja-2025\/","title":{"rendered":"Putovanja 2025"},"content":{"rendered":"<div data-elementor-type=\"wp-page\" data-elementor-id=\"375\" class=\"elementor elementor-375\">\n\t\t\t\t<div class=\"elementor-element elementor-element-6e7d1f0 element-pack-agbg-yes e-flex e-con-boxed wpr-particle-no wpr-jarallax-no wpr-parallax-no wpr-sticky-section-no e-con e-parent\" data-id=\"6e7d1f0\" data-element_type=\"container\" data-settings=\"{&quot;background_background&quot;:&quot;classic&quot;,&quot;element_pack_agbg_show&quot;:&quot;yes&quot;,&quot;element_pack_agbg_color_list&quot;:[{&quot;start_color&quot;:&quot;#000000&quot;,&quot;_id&quot;:&quot;5848648&quot;,&quot;end_color&quot;:&quot;#fefefe&quot;},{&quot;start_color&quot;:&quot;#001987&quot;,&quot;end_color&quot;:&quot;#FFFFFF&quot;,&quot;_id&quot;:&quot;0a63217&quot;}],&quot;element_pack_agbg_transitionSpeed&quot;:{&quot;unit&quot;:&quot;px&quot;,&quot;size&quot;:3000,&quot;sizes&quot;:[]},&quot;element_pack_agbg_direction&quot;:&quot;diagonal&quot;}\">\n\t\t\t\t\t<div class=\"e-con-inner\">\n\t\t\t\t<div class=\"elementor-element elementor-element-a50bc95 elementor-widget elementor-widget-heading\" data-id=\"a50bc95\" data-element_type=\"widget\" data-widget_type=\"heading.default\">\n\t\t\t\t<div class=\"elementor-widget-container\">\n\t\t\t<style>\/*! elementor - v3.23.0 - 05-08-2024 *\/\n.elementor-heading-title{padding:0;margin:0;line-height:1}.elementor-widget-heading .elementor-heading-title[class*=elementor-size-]>a{color:inherit;font-size:inherit;line-height:inherit}.elementor-widget-heading .elementor-heading-title.elementor-size-small{font-size:15px}.elementor-widget-heading .elementor-heading-title.elementor-size-medium{font-size:19px}.elementor-widget-heading .elementor-heading-title.elementor-size-large{font-size:29px}.elementor-widget-heading .elementor-heading-title.elementor-size-xl{font-size:39px}.elementor-widget-heading .elementor-heading-title.elementor-size-xxl{font-size:59px}<\/style><h1 class=\"elementor-heading-title elementor-size-default\">Putovanja 2025<\/h1>\t\t<\/div>\n\t\t\t\t<\/div>\n\t\t\t\t\t<\/div>\n\t\t\t\t<\/div>\n\t\t<div class=\"elementor-element elementor-element-3858885 e-con-full e-flex wpr-particle-no wpr-jarallax-no wpr-parallax-no wpr-sticky-section-no e-con e-parent\" data-id=\"3858885\" data-element_type=\"container\">\n\t\t<div class=\"elementor-element elementor-element-6890ffc e-con-full bdt-backdrop-filter-yes e-flex wpr-particle-no wpr-jarallax-no wpr-parallax-no wpr-sticky-section-no e-con e-child\" data-id=\"6890ffc\" data-element_type=\"container\">\n\t\t<div class=\"elementor-element elementor-element-f7a2c14 e-con-full bdt-backdrop-filter-yes e-flex wpr-particle-no wpr-jarallax-no wpr-parallax-no wpr-sticky-section-no e-con e-child\" data-id=\"f7a2c14\" data-element_type=\"container\" data-settings=\"{&quot;background_background&quot;:&quot;classic&quot;}\">\n\t\t\t\t<div class=\"elementor-element elementor-element-9e9be80 elementor-widget elementor-widget-image\" data-id=\"9e9be80\" data-element_type=\"widget\" data-widget_type=\"image.default\">\n\t\t\t\t<div class=\"elementor-widget-container\">\n\t\t\t<style>\/*! elementor - v3.23.0 - 05-08-2024 *\/\n.elementor-widget-image{text-align:center}.elementor-widget-image a{display:inline-block}.elementor-widget-image a img[src$=\".svg\"]{width:48px}.elementor-widget-image img{vertical-align:middle;display:inline-block}<\/style>\t\t\t\t\t\t\t\t\t\t<img fetchpriority=\"high\" decoding=\"async\" width=\"2304\" height=\"1728\" src=\"https:\/\/www.jedrenje-joga.org.rs\/wp-content\/uploads\/2024\/08\/2019_08_03_IMG_026.webp\" class=\"attachment-full size-full wp-image-73\" alt=\"\" srcset=\"https:\/\/www.jedrenje-joga.org.rs\/wp-content\/uploads\/2024\/08\/2019_08_03_IMG_026.webp 2304w, https:\/\/www.jedrenje-joga.org.rs\/wp-content\/uploads\/2024\/08\/2019_08_03_IMG_026-300x225.webp 300w, https:\/\/www.jedrenje-joga.org.rs\/wp-content\/uploads\/2024\/08\/2019_08_03_IMG_026-1024x768.webp 1024w, https:\/\/www.jedrenje-joga.org.rs\/wp-content\/uploads\/2024\/08\/2019_08_03_IMG_026-768x576.webp 768w, https:\/\/www.jedrenje-joga.org.rs\/wp-content\/uploads\/2024\/08\/2019_08_03_IMG_026-1536x1152.webp 1536w, https:\/\/www.jedrenje-joga.org.rs\/wp-content\/uploads\/2024\/08\/2019_08_03_IMG_026-2048x1536.webp 2048w\" sizes=\"(max-width: 2304px) 100vw, 2304px\" \/>\t\t\t\t\t\t\t\t\t\t\t\t\t<\/div>\n\t\t\t\t<\/div>\n\t\t\t\t<div class=\"elementor-element elementor-element-04f09ad elementor-widget elementor-widget-heading\" data-id=\"04f09ad\" data-element_type=\"widget\" data-widget_type=\"heading.default\">\n\t\t\t\t<div class=\"elementor-widget-container\">\n\t\t\t<h2 class=\"elementor-heading-title elementor-size-default\">\u0160OLTA-BRA\u010c-HVAR-PAKLENI OTOCI-TROGIR<\/h2>\t\t<\/div>\n\t\t\t\t<\/div>\n\t\t\t\t<div class=\"elementor-element elementor-element-4d9e89a elementor-widget elementor-widget-heading\" data-id=\"4d9e89a\" data-element_type=\"widget\" data-widget_type=\"heading.default\">\n\t\t\t\t<div class=\"elementor-widget-container\">\n\t\t\t<h2 class=\"elementor-heading-title elementor-size-default\">7 dana<\/h2>\t\t<\/div>\n\t\t\t\t<\/div>\n\t\t<div class=\"elementor-element elementor-element-8c4d638 e-con-full e-flex wpr-particle-no wpr-jarallax-no wpr-parallax-no wpr-sticky-section-no e-con e-child\" data-id=\"8c4d638\" data-element_type=\"container\">\n\t\t\t\t<div class=\"elementor-element elementor-element-6d527f5 elementor-widget elementor-widget-heading\" data-id=\"6d527f5\" data-element_type=\"widget\" data-widget_type=\"heading.default\">\n\t\t\t\t<div class=\"elementor-widget-container\">\n\t\t\t<h2 class=\"elementor-heading-title elementor-size-default\">Krstarenje po ostrvima skrivenim uvalama, dospevamo do Palmi\u017eane predivne uvale sa duhom Ibice po razuzdanosti jahting-posada, dobre i jake muzike, skakanja sa broda, spajanja sa drugim brodovima, dru\u017eenja svih posetioca u uvali, kao i fantasti\u010dnih restorana i \u0161umice sa egzoti\u010dnom mena\u017eerijom raznih ptica.\nOdatle se organizuje poseta gradu Hvaru <\/h2>\t\t<\/div>\n\t\t\t\t<\/div>\n\t\t\t\t<div class=\"elementor-element elementor-element-35be13a elementor-widget elementor-widget-button\" data-id=\"35be13a\" data-element_type=\"widget\" data-widget_type=\"button.default\">\n\t\t\t\t<div class=\"elementor-widget-container\">\n\t\t\t\t\t<div class=\"elementor-button-wrapper\">\n\t\t\t<a class=\"elementor-button elementor-button-link elementor-size-sm\" href=\"http:\/\/Prva%20poseta%20je%20predivnoj%20marini%20u%20gradi\u0107u%20maslinica,%20skrivenom%20biseru%20\u0160olte\">\n\t\t\t\t\t\t<span class=\"elementor-button-content-wrapper\">\n\t\t\t\t\t\t\t\t\t<span class=\"elementor-button-text\">Learn More<\/span>\n\t\t\t\t\t<\/span>\n\t\t\t\t\t<\/a>\n\t\t<\/div>\n\t\t\t\t<\/div>\n\t\t\t\t<\/div>\n\t\t\t\t<\/div>\n\t\t\t\t<\/div>\n\t\t<div class=\"elementor-element elementor-element-20f4a64 e-con-full bdt-backdrop-filter-yes e-flex wpr-particle-no wpr-jarallax-no wpr-parallax-no wpr-sticky-section-no e-con e-child\" data-id=\"20f4a64\" data-element_type=\"container\" data-settings=\"{&quot;background_background&quot;:&quot;classic&quot;}\">\n\t\t\t\t<div class=\"elementor-element elementor-element-85e5502 elementor-widget elementor-widget-image\" data-id=\"85e5502\" data-element_type=\"widget\" data-widget_type=\"image.default\">\n\t\t\t\t<div class=\"elementor-widget-container\">\n\t\t\t\t\t\t\t\t\t\t\t\t\t<img decoding=\"async\" width=\"600\" height=\"800\" src=\"https:\/\/www.jedrenje-joga.org.rs\/wp-content\/uploads\/2025\/02\/1000006704.jpg\" class=\"attachment-full size-full wp-image-693\" alt=\"\" srcset=\"https:\/\/www.jedrenje-joga.org.rs\/wp-content\/uploads\/2025\/02\/1000006704.jpg 600w, https:\/\/www.jedrenje-joga.org.rs\/wp-content\/uploads\/2025\/02\/1000006704-225x300.jpg 225w, https:\/\/www.jedrenje-joga.org.rs\/wp-content\/uploads\/2025\/02\/1000006704-9x12.jpg 9w\" sizes=\"(max-width: 600px) 100vw, 600px\" \/>\t\t\t\t\t\t\t\t\t\t\t\t\t<\/div>\n\t\t\t\t<\/div>\n\t\t\t\t<div class=\"elementor-element elementor-element-d70628e elementor-widget elementor-widget-heading\" data-id=\"d70628e\" data-element_type=\"widget\" data-widget_type=\"heading.default\">\n\t\t\t\t<div class=\"elementor-widget-container\">\n\t\t\t<h2 class=\"elementor-heading-title elementor-size-default\">\u0160OLTA-VIS-HVAR-TROGIR<\/h2>\t\t<\/div>\n\t\t\t\t<\/div>\n\t\t\t\t<div class=\"elementor-element elementor-element-f08d4d4 elementor-widget elementor-widget-heading\" data-id=\"f08d4d4\" data-element_type=\"widget\" data-widget_type=\"heading.default\">\n\t\t\t\t<div class=\"elementor-widget-container\">\n\t\t\t<h2 class=\"elementor-heading-title elementor-size-default\">7 dana<\/h2>\t\t<\/div>\n\t\t\t\t<\/div>\n\t\t<div class=\"elementor-element elementor-element-875dd94 e-con-full e-flex wpr-particle-no wpr-jarallax-no wpr-parallax-no wpr-sticky-section-no e-con e-child\" data-id=\"875dd94\" data-element_type=\"container\">\n\t\t\t\t<div class=\"elementor-element elementor-element-7119d40 elementor-widget elementor-widget-heading\" data-id=\"7119d40\" data-element_type=\"widget\" data-widget_type=\"heading.default\">\n\t\t\t\t<div class=\"elementor-widget-container\">\n\t\t\t<h2 class=\"elementor-heading-title elementor-size-default\">Otkrivamo Vam posebne uvale na \u0160olti sa vrhunskim restoranima, promenadama oko mesta Maslinica i ure\u0111enog zamka-simbola mesta i jo\u0161 neotkrivenih detalja, no\u0107nih poseta gde se smiraj dana ogleda u nirvani du\u0161e koja bi se tu ve\u010dno nastanila kada bi imala priliku.<br>Trogir je ceo kao jedan zamak \u010dvrsto branjen od nemilosrdnih  osvaja\u010da koji bi \u017eeljeli vladati predivnom obalom ovog dijela Jadrana, i imati kontrolu svih prolaznika.Sre\u0107om \u017eitelji su istrajali nad njegovim opstankom i ponuditi dana\u0161njim posetiocima sjajne pri\u010de o tome.<\/h2>\t\t<\/div>\n\t\t\t\t<\/div>\n\t\t\t\t<div class=\"elementor-element elementor-element-ab3204b elementor-widget elementor-widget-button\" data-id=\"ab3204b\" data-element_type=\"widget\" data-widget_type=\"button.default\">\n\t\t\t\t<div class=\"elementor-widget-container\">\n\t\t\t\t\t<div class=\"elementor-button-wrapper\">\n\t\t\t<a class=\"elementor-button elementor-button-link elementor-size-sm\" href=\"#\">\n\t\t\t\t\t\t<span class=\"elementor-button-content-wrapper\">\n\t\t\t\t\t\t\t\t\t<span class=\"elementor-button-text\">Learn More<\/span>\n\t\t\t\t\t<\/span>\n\t\t\t\t\t<\/a>\n\t\t<\/div>\n\t\t\t\t<\/div>\n\t\t\t\t<\/div>\n\t\t\t\t<\/div>\n\t\t\t\t<\/div>\n\t\t<div class=\"elementor-element elementor-element-298698d e-con-full bdt-backdrop-filter-yes e-flex wpr-particle-no wpr-jarallax-no wpr-parallax-no wpr-sticky-section-no e-con e-child\" data-id=\"298698d\" data-element_type=\"container\" data-settings=\"{&quot;background_background&quot;:&quot;classic&quot;}\">\n\t\t\t\t<div class=\"elementor-element elementor-element-f59e2f1 elementor-widget elementor-widget-image\" data-id=\"f59e2f1\" data-element_type=\"widget\" data-widget_type=\"image.default\">\n\t\t\t\t<div class=\"elementor-widget-container\">\n\t\t\t\t\t\t\t\t\t\t\t\t\t<img decoding=\"async\" width=\"1536\" height=\"1024\" src=\"https:\/\/www.jedrenje-joga.org.rs\/wp-content\/uploads\/2025\/02\/Kornati-1-1536x1024-1.jpg\" class=\"attachment-full size-full wp-image-692\" alt=\"\" srcset=\"https:\/\/www.jedrenje-joga.org.rs\/wp-content\/uploads\/2025\/02\/Kornati-1-1536x1024-1.jpg 1536w, https:\/\/www.jedrenje-joga.org.rs\/wp-content\/uploads\/2025\/02\/Kornati-1-1536x1024-1-300x200.jpg 300w, https:\/\/www.jedrenje-joga.org.rs\/wp-content\/uploads\/2025\/02\/Kornati-1-1536x1024-1-1024x683.jpg 1024w, https:\/\/www.jedrenje-joga.org.rs\/wp-content\/uploads\/2025\/02\/Kornati-1-1536x1024-1-768x512.jpg 768w, https:\/\/www.jedrenje-joga.org.rs\/wp-content\/uploads\/2025\/02\/Kornati-1-1536x1024-1-18x12.jpg 18w\" sizes=\"(max-width: 1536px) 100vw, 1536px\" \/>\t\t\t\t\t\t\t\t\t\t\t\t\t<\/div>\n\t\t\t\t<\/div>\n\t\t\t\t<div class=\"elementor-element elementor-element-3e0e53c elementor-widget elementor-widget-heading\" data-id=\"3e0e53c\" data-element_type=\"widget\" data-widget_type=\"heading.default\">\n\t\t\t\t<div class=\"elementor-widget-container\">\n\t\t\t<h2 class=\"elementor-heading-title elementor-size-default\">\u0160IBENIK-KORNATI-MURTER-PRIMO\u0160TEN<\/h2>\t\t<\/div>\n\t\t\t\t<\/div>\n\t\t\t\t<div class=\"elementor-element elementor-element-f0b8bc7 elementor-widget elementor-widget-heading\" data-id=\"f0b8bc7\" data-element_type=\"widget\" data-widget_type=\"heading.default\">\n\t\t\t\t<div class=\"elementor-widget-container\">\n\t\t\t<h2 class=\"elementor-heading-title elementor-size-default\">7 dana<\/h2>\t\t<\/div>\n\t\t\t\t<\/div>\n\t\t<div class=\"elementor-element elementor-element-6cf3c54 e-con-full e-flex wpr-particle-no wpr-jarallax-no wpr-parallax-no wpr-sticky-section-no e-con e-child\" data-id=\"6cf3c54\" data-element_type=\"container\">\n\t\t\t\t<div class=\"elementor-element elementor-element-bac8a44 elementor-widget elementor-widget-heading\" data-id=\"bac8a44\" data-element_type=\"widget\" data-widget_type=\"heading.default\">\n\t\t\t\t<div class=\"elementor-widget-container\">\n\t\t\t<h2 class=\"elementor-heading-title elementor-size-default\">Kornati su nestvarna mesta koja stvaraju ose\u0107aj da ste na drugoj planeti i prolazite nepredvidljivim delovima sa o\u010dekovanjem da se pojavi Godzila (naravno da ne), ali avanturisti\u010dki dojam vas nadahnjuje posebnom energujem koja se pamti.\n\u0160ibenik - umetni\u010dki stari grad sa duhom Dubrovnika i Kotora vra\u0107a nas svakako u srednji vek, samo \u0161to pa\u017eevi ne \u0161etaju, osim aktera rimskih vojnika ko vam po\u017eele dobrodo\u0161licu.<\/h2>\t\t<\/div>\n\t\t\t\t<\/div>\n\t\t\t\t<div class=\"elementor-element elementor-element-b0948ec elementor-widget elementor-widget-button\" data-id=\"b0948ec\" data-element_type=\"widget\" data-widget_type=\"button.default\">\n\t\t\t\t<div class=\"elementor-widget-container\">\n\t\t\t\t\t<div class=\"elementor-button-wrapper\">\n\t\t\t<a class=\"elementor-button elementor-button-link elementor-size-sm\" href=\"#\">\n\t\t\t\t\t\t<span class=\"elementor-button-content-wrapper\">\n\t\t\t\t\t\t\t\t\t<span class=\"elementor-button-text\">Learn More<\/span>\n\t\t\t\t\t<\/span>\n\t\t\t\t\t<\/a>\n\t\t<\/div>\n\t\t\t\t<\/div>\n\t\t\t\t<\/div>\n\t\t\t\t<\/div>\n\t\t\t\t<\/div>\n\t\t\t\t<\/div>\n\t\t<div class=\"elementor-element elementor-element-d62e039 e-con-full bdt-backdrop-filter-yes e-flex wpr-particle-no wpr-jarallax-no wpr-parallax-no wpr-sticky-section-no e-con e-child\" data-id=\"d62e039\" data-element_type=\"container\">\n\t\t\t\t<div class=\"elementor-element elementor-element-129e4d7 elementor-widget__width-initial elementor-widget elementor-widget-image\" data-id=\"129e4d7\" data-element_type=\"widget\" data-widget_type=\"image.default\">\n\t\t\t\t<div class=\"elementor-widget-container\">\n\t\t\t\t\t\t\t\t\t\t\t\t\t<img loading=\"lazy\" decoding=\"async\" width=\"451\" height=\"800\" src=\"https:\/\/www.jedrenje-joga.org.rs\/wp-content\/uploads\/2025\/02\/1000004602.jpg\" class=\"attachment-medium_large size-medium_large wp-image-672\" alt=\"\" srcset=\"https:\/\/www.jedrenje-joga.org.rs\/wp-content\/uploads\/2025\/02\/1000004602.jpg 451w, https:\/\/www.jedrenje-joga.org.rs\/wp-content\/uploads\/2025\/02\/1000004602-169x300.jpg 169w, https:\/\/www.jedrenje-joga.org.rs\/wp-content\/uploads\/2025\/02\/1000004602-7x12.jpg 7w\" sizes=\"(max-width: 451px) 100vw, 451px\" \/>\t\t\t\t\t\t\t\t\t\t\t\t\t<\/div>\n\t\t\t\t<\/div>\n\t\t\t\t<\/div>\n\t\t\t\t<\/div>\n\t\t<div class=\"elementor-element elementor-element-d04420d e-flex e-con-boxed wpr-particle-no wpr-jarallax-no wpr-parallax-no wpr-sticky-section-no e-con e-parent\" data-id=\"d04420d\" data-element_type=\"container\">\n\t\t\t\t\t<div class=\"e-con-inner\">\n\t\t\t\t\t<\/div>\n\t\t\t\t<\/div>\n\t\t<div class=\"elementor-element elementor-element-d80ba2c e-flex e-con-boxed wpr-particle-no wpr-jarallax-no wpr-parallax-no wpr-sticky-section-no e-con e-parent\" data-id=\"d80ba2c\" data-element_type=\"container\">\n\t\t\t\t\t<div class=\"e-con-inner\">\n\t\t\t\t<div class=\"elementor-element elementor-element-8678241 elementor-widget elementor-widget-text-editor\" data-id=\"8678241\" data-element_type=\"widget\" data-widget_type=\"text-editor.default\">\n\t\t\t\t<div class=\"elementor-widget-container\">\n\t\t\t<style>\/*! elementor - v3.23.0 - 05-08-2024 *\/\n.elementor-widget-text-editor.elementor-drop-cap-view-stacked .elementor-drop-cap{background-color:#69727d;color:#fff}.elementor-widget-text-editor.elementor-drop-cap-view-framed .elementor-drop-cap{color:#69727d;border:3px solid;background-color:transparent}.elementor-widget-text-editor:not(.elementor-drop-cap-view-default) .elementor-drop-cap{margin-top:8px}.elementor-widget-text-editor:not(.elementor-drop-cap-view-default) .elementor-drop-cap-letter{width:1em;height:1em}.elementor-widget-text-editor .elementor-drop-cap{float:left;text-align:center;line-height:1;font-size:50px}.elementor-widget-text-editor .elementor-drop-cap-letter{display:inline-block}<\/style>\t\t\t\t<p>MO\u017dETE SAMI UNAPRED OSMISLITI I ORGANIZOVATI TURU I OBILASKE \u017dELJENIH MESTA U DOGOVORU SA NAMA I DOSTUPNOSTI RELACIJA OBZIROM NA UDALJENOSTI I VREME PREDVI\u0110ENIH ZAMI\u0160LJENIH RELACIJA PUTOVANJA!<\/p>\t\t\t\t\t\t<\/div>\n\t\t\t\t<\/div>\n\t\t\t\t\t<\/div>\n\t\t\t\t<\/div>\n\t\t\t\t<\/div>","protected":false},"excerpt":{"rendered":"<p>Putovanja 2025 \u0160OLTA-BRA\u010c-HVAR-PAKLENI OTOCI-TROGIR 7 dana Krstarenje po ostrvima skrivenim uvalama, dospevamo do Palmi\u017eane predivne uvale sa duhom Ibice po razuzdanosti jahting-posada, dobre i jake muzike, skakanja sa broda, spajanja sa drugim brodovima, dru\u017eenja svih posetioca u uvali, kao i fantasti\u010dnih restorana i \u0161umice sa egzoti\u010dnom mena\u017eerijom raznih ptica. Odatle se organizuje poseta gradu Hvaru Saznaj vi\u0161e \u0160OLTA-VIS-HVAR-TROGIR 7 dana Otkrivamo Vam posebne uvale na \u0160olti sa vrhunskim restoranima, promenadama oko mesta Maslinica i ure\u0111enog zamka-simbola mesta i jo\u0161 neotkrivenih detalja, no\u0107nih poseta gde se smiraj dana ogleda u nirvani du\u0161e koja bi se tu ve\u010dno nastanila kada bi imala priliku.Trogir je ceo kao jedan zamak \u010dvrsto branjen od nemilosrdnih osvaja\u010da koji bi \u017eeljeli vladati predivnom obalom ovog dijela Jadrana, i imati kontrolu svih prolaznika.Sre\u0107om \u017eitelji su istrajali nad njegovim opstankom i ponuditi dana\u0161njim posetiocima sjajne pri\u010de o tome. Saznaj vi\u0161e \u0160IBENIK-KORNATI-MURTER-PRIMO\u0160TEN 7 dana Kornati su nestvarna mesta koja stvaraju ose\u0107aj da ste na drugoj planeti i prolazite nepredvidljivim delovima sa o\u010dekovanjem da se pojavi Godzila (naravno da ne), ali avanturisti\u010dki dojam vas nadahnjuje posebnom energujem koja se pamti. \u0160ibenik &#8211; umetni\u010dki stari grad sa duhom Dubrovnika i Kotora vra\u0107a nas svakako u srednji vek, samo \u0161to pa\u017eevi ne \u0161etaju, osim aktera rimskih vojnika ko vam po\u017eele dobrodo\u0161licu. Saznaj vi\u0161e MO\u017dETE SAMI UNAPRED OSMISLITI I ORGANIZOVATI TURU I OBILASKE \u017dELJENIH MESTA U DOGOVORU SA NAMA I DOSTUPNOSTI RELACIJA OBZIROM NA UDALJENOSTI I VREME PREDVI\u0110ENIH ZAMI\u0160LJENIH RELACIJA PUTOVANJA!<\/p>","protected":false},"author":1,"featured_media":0,"parent":0,"menu_order":0,"comment_status":"closed","ping_status":"closed","template":"","meta":{"footnotes":""},"class_list":["post-375","page","type-page","status-publish","hentry"],"blocksy_meta":[],"_links":{"self":[{"href":"https:\/\/www.jedrenje-joga.org.rs\/en\/wp-json\/wp\/v2\/pages\/375","targetHints":{"allow":["GET"]}}],"collection":[{"href":"https:\/\/www.jedrenje-joga.org.rs\/en\/wp-json\/wp\/v2\/pages"}],"about":[{"href":"https:\/\/www.jedrenje-joga.org.rs\/en\/wp-json\/wp\/v2\/types\/page"}],"author":[{"embeddable":true,"href":"https:\/\/www.jedrenje-joga.org.rs\/en\/wp-json\/wp\/v2\/users\/1"}],"replies":[{"embeddable":true,"href":"https:\/\/www.jedrenje-joga.org.rs\/en\/wp-json\/wp\/v2\/comments?post=375"}],"version-history":[{"count":42,"href":"https:\/\/www.jedrenje-joga.org.rs\/en\/wp-json\/wp\/v2\/pages\/375\/revisions"}],"predecessor-version":[{"id":752,"href":"https:\/\/www.jedrenje-joga.org.rs\/en\/wp-json\/wp\/v2\/pages\/375\/revisions\/752"}],"wp:attachment":[{"href":"https:\/\/www.jedrenje-joga.org.rs\/en\/wp-json\/wp\/v2\/media?parent=375"}],"curies":[{"name":"wp","href":"https:\/\/api.w.org\/{rel}","templated":true}]}}