{"id":537,"date":"2024-08-27T12:50:08","date_gmt":"2024-08-27T12:50:08","guid":{"rendered":"https:\/\/www.jedrenje-joga.org.rs\/?page_id=537"},"modified":"2025-02-07T13:18:03","modified_gmt":"2025-02-07T13:18:03","slug":"kupovina-jedrilice","status":"publish","type":"page","link":"https:\/\/www.jedrenje-joga.org.rs\/en\/kupovina-jedrilice\/","title":{"rendered":"Kupovina broda"},"content":{"rendered":"<div data-elementor-type=\"wp-page\" data-elementor-id=\"537\" class=\"elementor elementor-537\">\n\t\t\t\t<div class=\"elementor-element elementor-element-764e7ad element-pack-agbg-yes e-flex e-con-boxed wpr-particle-no wpr-jarallax-no wpr-parallax-no wpr-sticky-section-no e-con e-parent\" data-id=\"764e7ad\" data-element_type=\"container\" data-settings=\"{&quot;background_background&quot;:&quot;classic&quot;,&quot;element_pack_agbg_show&quot;:&quot;yes&quot;,&quot;element_pack_agbg_color_list&quot;:[{&quot;start_color&quot;:&quot;#000000&quot;,&quot;_id&quot;:&quot;5848648&quot;,&quot;end_color&quot;:&quot;#fefefe&quot;},{&quot;start_color&quot;:&quot;#001987&quot;,&quot;end_color&quot;:&quot;#FFFFFF&quot;,&quot;_id&quot;:&quot;0a63217&quot;}],&quot;element_pack_agbg_transitionSpeed&quot;:{&quot;unit&quot;:&quot;px&quot;,&quot;size&quot;:3000,&quot;sizes&quot;:[]},&quot;element_pack_agbg_direction&quot;:&quot;diagonal&quot;}\">\n\t\t\t\t\t<div class=\"e-con-inner\">\n\t\t\t\t<div class=\"elementor-element elementor-element-3dbfa852 elementor-widget elementor-widget-heading\" data-id=\"3dbfa852\" data-element_type=\"widget\" data-widget_type=\"heading.default\">\n\t\t\t\t<div class=\"elementor-widget-container\">\n\t\t\t<style>\/*! elementor - v3.23.0 - 05-08-2024 *\/\n.elementor-heading-title{padding:0;margin:0;line-height:1}.elementor-widget-heading .elementor-heading-title[class*=elementor-size-]>a{color:inherit;font-size:inherit;line-height:inherit}.elementor-widget-heading .elementor-heading-title.elementor-size-small{font-size:15px}.elementor-widget-heading .elementor-heading-title.elementor-size-medium{font-size:19px}.elementor-widget-heading .elementor-heading-title.elementor-size-large{font-size:29px}.elementor-widget-heading .elementor-heading-title.elementor-size-xl{font-size:39px}.elementor-widget-heading .elementor-heading-title.elementor-size-xxl{font-size:59px}<\/style><h1 class=\"elementor-heading-title elementor-size-default\">Kupovina jedrilice<\/h1>\t\t<\/div>\n\t\t\t\t<\/div>\n\t\t\t\t\t<\/div>\n\t\t\t\t<\/div>\n\t\t<div class=\"elementor-element elementor-element-0e70282 e-flex e-con-boxed wpr-particle-no wpr-jarallax-no wpr-parallax-no wpr-sticky-section-no e-con e-parent\" data-id=\"0e70282\" data-element_type=\"container\">\n\t\t\t\t\t<div class=\"e-con-inner\">\n\t\t<div class=\"elementor-element elementor-element-f864345 e-con-full e-flex wpr-particle-no wpr-jarallax-no wpr-parallax-no wpr-sticky-section-no e-con e-child\" data-id=\"f864345\" data-element_type=\"container\">\n\t\t\t\t<div class=\"elementor-element elementor-element-aaeeecb elementor-align-center bdt-navigation-type-arrows elementor-widget elementor-widget-bdt-slider\" data-id=\"aaeeecb\" data-element_type=\"widget\" data-widget_type=\"bdt-slider.default\">\n\t\t\t\t<div class=\"elementor-widget-container\">\n\t\t\t\t\t<div id=\"bdt-slider-aaeeecb\" class=\"bdt-slider bdt-arrows-align-center\" data-settings=\"{&quot;autoplay&quot;:{&quot;delay&quot;:5000},&quot;loop&quot;:true,&quot;speed&quot;:500,&quot;effect&quot;:&quot;slide&quot;,&quot;navigation&quot;:{&quot;nextEl&quot;:&quot;#bdt-slider-aaeeecb .bdt-navigation-next&quot;,&quot;prevEl&quot;:&quot;#bdt-slider-aaeeecb .bdt-navigation-prev&quot;},&quot;pagination&quot;:{&quot;el&quot;:&quot;#bdt-slider-aaeeecb .swiper-pagination&quot;,&quot;type&quot;:&quot;&quot;,&quot;clickable&quot;:&quot;true&quot;,&quot;dynamicBullets&quot;:false},&quot;scrollbar&quot;:{&quot;el&quot;:&quot;#bdt-slider-aaeeecb .swiper-scrollbar&quot;,&quot;hide&quot;:&quot;true&quot;}}\">\n\t\t\t<div class=\"swiper-carousel swiper\">\n\t\t\t\t\t\t<div class=\"swiper-wrapper\">\n\t\t\t\t\t<div class=\"bdt-slide-item swiper-slide left\">\n\n\t\t\t\t\n\t\t\t\t\t\t\t\t\t\t\t<div class=\"bdt-slider-image-wrapper\">\n\t\t\t\t\t\t\t<img fetchpriority=\"high\" decoding=\"async\" width=\"2560\" height=\"1440\" src=\"https:\/\/www.jedrenje-joga.org.rs\/wp-content\/uploads\/2024\/08\/20180528_141031-scaled.jpg\" class=\"bdt-cover\" alt=\"\" data-bdt-cover=\"1\" srcset=\"https:\/\/www.jedrenje-joga.org.rs\/wp-content\/uploads\/2024\/08\/20180528_141031-scaled.jpg 2560w, https:\/\/www.jedrenje-joga.org.rs\/wp-content\/uploads\/2024\/08\/20180528_141031-300x169.jpg 300w, https:\/\/www.jedrenje-joga.org.rs\/wp-content\/uploads\/2024\/08\/20180528_141031-1024x576.jpg 1024w, https:\/\/www.jedrenje-joga.org.rs\/wp-content\/uploads\/2024\/08\/20180528_141031-768x432.jpg 768w, https:\/\/www.jedrenje-joga.org.rs\/wp-content\/uploads\/2024\/08\/20180528_141031-1536x864.jpg 1536w, https:\/\/www.jedrenje-joga.org.rs\/wp-content\/uploads\/2024\/08\/20180528_141031-2048x1152.jpg 2048w, https:\/\/www.jedrenje-joga.org.rs\/wp-content\/uploads\/2024\/08\/20180528_141031-18x10.jpg 18w\" sizes=\"(max-width: 2560px) 100vw, 2560px\" \/>\t\t\t\t\t\t<\/div>\n\t\t\t\t\t\n\t\t\t\t\t<div class=\"bdt-slide-desc bdt-position-large bdt-position-center bdt-position-z-index\">\n\n\t\t\t\t\t\t\n\t\t\t\t\t\t\n\t\t\t\t\t\t\t\t\t\t\t\t\t<div class=\"bdt-slide-link-wrapper\">\n\t\t\t\t\t\t\t\t<a class=\"bdt-slide-link\" href=\"#\">\n\n\t\t\t\t\t\t\t\t\t\n\t\t\t\t\t\t\t\t\t\t\t\t\t\t\t\t\t<\/a>\n\t\t\t\t\t\t\t<\/div>\n\t\t\t\t\t\t\t\t\t\t\t<\/div>\n\n\t\t\t\t\n\t\t\t<\/div>\n\t\t\t\t\t\t<div class=\"bdt-slide-item swiper-slide left\">\n\n\t\t\t\t\n\t\t\t\t\t\t\t\t\t\t\t<div class=\"bdt-slider-image-wrapper\">\n\t\t\t\t\t\t\t<img decoding=\"async\" width=\"1600\" height=\"1200\" src=\"https:\/\/www.jedrenje-joga.org.rs\/wp-content\/uploads\/2024\/08\/kupovina-jedrilice.jpg\" class=\"bdt-cover\" alt=\"\" data-bdt-cover=\"1\" srcset=\"https:\/\/www.jedrenje-joga.org.rs\/wp-content\/uploads\/2024\/08\/kupovina-jedrilice.jpg 1600w, https:\/\/www.jedrenje-joga.org.rs\/wp-content\/uploads\/2024\/08\/kupovina-jedrilice-300x225.jpg 300w, https:\/\/www.jedrenje-joga.org.rs\/wp-content\/uploads\/2024\/08\/kupovina-jedrilice-1024x768.jpg 1024w, https:\/\/www.jedrenje-joga.org.rs\/wp-content\/uploads\/2024\/08\/kupovina-jedrilice-768x576.jpg 768w, https:\/\/www.jedrenje-joga.org.rs\/wp-content\/uploads\/2024\/08\/kupovina-jedrilice-1536x1152.jpg 1536w\" sizes=\"(max-width: 1600px) 100vw, 1600px\" \/>\t\t\t\t\t\t<\/div>\n\t\t\t\t\t\n\t\t\t\t\t<div class=\"bdt-slide-desc bdt-position-large bdt-position-center bdt-position-z-index\">\n\n\t\t\t\t\t\t\n\t\t\t\t\t\t\n\t\t\t\t\t\t\t\t\t\t\t\t\t<div class=\"bdt-slide-link-wrapper\">\n\t\t\t\t\t\t\t\t<a class=\"bdt-slide-link\" href=\"#\">\n\n\t\t\t\t\t\t\t\t\t\n\t\t\t\t\t\t\t\t\t\t\t\t\t\t\t\t\t<\/a>\n\t\t\t\t\t\t\t<\/div>\n\t\t\t\t\t\t\t\t\t\t\t<\/div>\n\n\t\t\t\t\n\t\t\t<\/div>\n\t\t\t\t\t\t<div class=\"bdt-slide-item swiper-slide left\">\n\n\t\t\t\t\n\t\t\t\t\t\t\t\t\t\t\t<div class=\"bdt-slider-image-wrapper\">\n\t\t\t\t\t\t\t<img decoding=\"async\" width=\"1600\" height=\"1200\" src=\"https:\/\/www.jedrenje-joga.org.rs\/wp-content\/uploads\/2024\/08\/kupovina-jedrilice.jpg\" class=\"bdt-cover\" alt=\"\" data-bdt-cover=\"1\" srcset=\"https:\/\/www.jedrenje-joga.org.rs\/wp-content\/uploads\/2024\/08\/kupovina-jedrilice.jpg 1600w, https:\/\/www.jedrenje-joga.org.rs\/wp-content\/uploads\/2024\/08\/kupovina-jedrilice-300x225.jpg 300w, https:\/\/www.jedrenje-joga.org.rs\/wp-content\/uploads\/2024\/08\/kupovina-jedrilice-1024x768.jpg 1024w, https:\/\/www.jedrenje-joga.org.rs\/wp-content\/uploads\/2024\/08\/kupovina-jedrilice-768x576.jpg 768w, https:\/\/www.jedrenje-joga.org.rs\/wp-content\/uploads\/2024\/08\/kupovina-jedrilice-1536x1152.jpg 1536w\" sizes=\"(max-width: 1600px) 100vw, 1600px\" \/>\t\t\t\t\t\t<\/div>\n\t\t\t\t\t\n\t\t\t\t\t<div class=\"bdt-slide-desc bdt-position-large bdt-position-center bdt-position-z-index\">\n\n\t\t\t\t\t\t\n\t\t\t\t\t\t\n\t\t\t\t\t\t\t\t\t\t\t\t\t<div class=\"bdt-slide-link-wrapper\">\n\t\t\t\t\t\t\t\t<a class=\"bdt-slide-link\" href=\"#\">\n\n\t\t\t\t\t\t\t\t\t\n\t\t\t\t\t\t\t\t\t\t\t\t\t\t\t\t\t<\/a>\n\t\t\t\t\t\t\t<\/div>\n\t\t\t\t\t\t\t\t\t\t\t<\/div>\n\n\t\t\t\t\n\t\t\t<\/div>\n\t\t\t\t\t\t<div class=\"bdt-slide-item swiper-slide left\">\n\n\t\t\t\t\n\t\t\t\t\t\t\t\t\t\t\t<div class=\"bdt-slider-image-wrapper\">\n\t\t\t\t\t\t\t<img decoding=\"async\" width=\"1600\" height=\"1200\" src=\"https:\/\/www.jedrenje-joga.org.rs\/wp-content\/uploads\/2024\/08\/kupovina-jedrilice.jpg\" class=\"bdt-cover\" alt=\"\" data-bdt-cover=\"1\" srcset=\"https:\/\/www.jedrenje-joga.org.rs\/wp-content\/uploads\/2024\/08\/kupovina-jedrilice.jpg 1600w, https:\/\/www.jedrenje-joga.org.rs\/wp-content\/uploads\/2024\/08\/kupovina-jedrilice-300x225.jpg 300w, https:\/\/www.jedrenje-joga.org.rs\/wp-content\/uploads\/2024\/08\/kupovina-jedrilice-1024x768.jpg 1024w, https:\/\/www.jedrenje-joga.org.rs\/wp-content\/uploads\/2024\/08\/kupovina-jedrilice-768x576.jpg 768w, https:\/\/www.jedrenje-joga.org.rs\/wp-content\/uploads\/2024\/08\/kupovina-jedrilice-1536x1152.jpg 1536w\" sizes=\"(max-width: 1600px) 100vw, 1600px\" \/>\t\t\t\t\t\t<\/div>\n\t\t\t\t\t\n\t\t\t\t\t<div class=\"bdt-slide-desc bdt-position-large bdt-position-center bdt-position-z-index\">\n\n\t\t\t\t\t\t\n\t\t\t\t\t\t\n\t\t\t\t\t\t\t\t\t\t\t\t\t<div class=\"bdt-slide-link-wrapper\">\n\t\t\t\t\t\t\t\t<a class=\"bdt-slide-link\" href=\"#\">\n\n\t\t\t\t\t\t\t\t\t\n\t\t\t\t\t\t\t\t\t\t\t\t\t\t\t\t\t<\/a>\n\t\t\t\t\t\t\t<\/div>\n\t\t\t\t\t\t\t\t\t\t\t<\/div>\n\n\t\t\t\t\n\t\t\t<\/div>\n\t\t\t\t\t\t<div class=\"bdt-slide-item swiper-slide left\">\n\n\t\t\t\t\n\t\t\t\t\t\t\t\t\t\t\t<div class=\"bdt-slider-image-wrapper\">\n\t\t\t\t\t\t\t<img decoding=\"async\" width=\"900\" height=\"675\" src=\"https:\/\/www.jedrenje-joga.org.rs\/wp-content\/uploads\/2024\/08\/1.webp\" class=\"bdt-cover\" alt=\"\" data-bdt-cover=\"1\" srcset=\"https:\/\/www.jedrenje-joga.org.rs\/wp-content\/uploads\/2024\/08\/1.webp 900w, https:\/\/www.jedrenje-joga.org.rs\/wp-content\/uploads\/2024\/08\/1-300x225.webp 300w, https:\/\/www.jedrenje-joga.org.rs\/wp-content\/uploads\/2024\/08\/1-768x576.webp 768w\" sizes=\"(max-width: 900px) 100vw, 900px\" \/>\t\t\t\t\t\t<\/div>\n\t\t\t\t\t\n\t\t\t\t\t<div class=\"bdt-slide-desc bdt-position-large bdt-position-center bdt-position-z-index\">\n\n\t\t\t\t\t\t\n\t\t\t\t\t\t\n\t\t\t\t\t\t\t\t\t\t\t\t\t<div class=\"bdt-slide-link-wrapper\">\n\t\t\t\t\t\t\t\t<a class=\"bdt-slide-link\" href=\"#\">\n\n\t\t\t\t\t\t\t\t\t\n\t\t\t\t\t\t\t\t\t\t\t\t\t\t\t\t\t<\/a>\n\t\t\t\t\t\t\t<\/div>\n\t\t\t\t\t\t\t\t\t\t\t<\/div>\n\n\t\t\t\t\n\t\t\t<\/div>\n\t\t\t\t\t\t<div class=\"bdt-slide-item swiper-slide left\">\n\n\t\t\t\t\n\t\t\t\t\t\t\t\t\t\t\t<div class=\"bdt-slider-image-wrapper\">\n\t\t\t\t\t\t\t<img loading=\"lazy\" decoding=\"async\" width=\"900\" height=\"675\" src=\"https:\/\/www.jedrenje-joga.org.rs\/wp-content\/uploads\/2024\/08\/14.webp\" class=\"bdt-cover\" alt=\"\" data-bdt-cover=\"1\" srcset=\"https:\/\/www.jedrenje-joga.org.rs\/wp-content\/uploads\/2024\/08\/14.webp 900w, https:\/\/www.jedrenje-joga.org.rs\/wp-content\/uploads\/2024\/08\/14-300x225.webp 300w, https:\/\/www.jedrenje-joga.org.rs\/wp-content\/uploads\/2024\/08\/14-768x576.webp 768w\" sizes=\"(max-width: 900px) 100vw, 900px\" \/>\t\t\t\t\t\t<\/div>\n\t\t\t\t\t\n\t\t\t\t\t<div class=\"bdt-slide-desc bdt-position-large bdt-position-center bdt-position-z-index\">\n\n\t\t\t\t\t\t\n\t\t\t\t\t\t\n\t\t\t\t\t\t\t\t\t\t\t\t\t<div class=\"bdt-slide-link-wrapper\">\n\t\t\t\t\t\t\t\t<a class=\"bdt-slide-link\" href=\"#\">\n\n\t\t\t\t\t\t\t\t\t\n\t\t\t\t\t\t\t\t\t\t\t\t\t\t\t\t\t<\/a>\n\t\t\t\t\t\t\t<\/div>\n\t\t\t\t\t\t\t\t\t\t\t<\/div>\n\n\t\t\t\t\n\t\t\t<\/div>\n\t\t\t\t\t\t<div class=\"bdt-slide-item swiper-slide left\">\n\n\t\t\t\t\n\t\t\t\t\t\t\t\t\t\t\t<div class=\"bdt-slider-image-wrapper\">\n\t\t\t\t\t\t\t<img loading=\"lazy\" decoding=\"async\" width=\"900\" height=\"675\" src=\"https:\/\/www.jedrenje-joga.org.rs\/wp-content\/uploads\/2024\/08\/7.webp\" class=\"bdt-cover\" alt=\"\" data-bdt-cover=\"1\" srcset=\"https:\/\/www.jedrenje-joga.org.rs\/wp-content\/uploads\/2024\/08\/7.webp 900w, https:\/\/www.jedrenje-joga.org.rs\/wp-content\/uploads\/2024\/08\/7-300x225.webp 300w, https:\/\/www.jedrenje-joga.org.rs\/wp-content\/uploads\/2024\/08\/7-768x576.webp 768w\" sizes=\"(max-width: 900px) 100vw, 900px\" \/>\t\t\t\t\t\t<\/div>\n\t\t\t\t\t\n\t\t\t\t\t<div class=\"bdt-slide-desc bdt-position-large bdt-position-center bdt-position-z-index\">\n\n\t\t\t\t\t\t\n\t\t\t\t\t\t\n\t\t\t\t\t\t\t\t\t\t\t\t\t<div class=\"bdt-slide-link-wrapper\">\n\t\t\t\t\t\t\t\t<a class=\"bdt-slide-link\" href=\"#\">\n\n\t\t\t\t\t\t\t\t\t\n\t\t\t\t\t\t\t\t\t\t\t\t\t\t\t\t\t<\/a>\n\t\t\t\t\t\t\t<\/div>\n\t\t\t\t\t\t\t\t\t\t\t<\/div>\n\n\t\t\t\t\n\t\t\t<\/div>\n\t\t\t\t\t\t<div class=\"bdt-slide-item swiper-slide left\">\n\n\t\t\t\t\n\t\t\t\t\t\t\t\t\t\t\t<div class=\"bdt-slider-image-wrapper\">\n\t\t\t\t\t\t\t<img loading=\"lazy\" decoding=\"async\" width=\"1013\" height=\"675\" src=\"https:\/\/www.jedrenje-joga.org.rs\/wp-content\/uploads\/2024\/08\/16.webp\" class=\"bdt-cover\" alt=\"\" data-bdt-cover=\"1\" srcset=\"https:\/\/www.jedrenje-joga.org.rs\/wp-content\/uploads\/2024\/08\/16.webp 1013w, https:\/\/www.jedrenje-joga.org.rs\/wp-content\/uploads\/2024\/08\/16-300x200.webp 300w, https:\/\/www.jedrenje-joga.org.rs\/wp-content\/uploads\/2024\/08\/16-768x512.webp 768w\" sizes=\"(max-width: 1013px) 100vw, 1013px\" \/>\t\t\t\t\t\t<\/div>\n\t\t\t\t\t\n\t\t\t\t\t<div class=\"bdt-slide-desc bdt-position-large bdt-position-center bdt-position-z-index\">\n\n\t\t\t\t\t\t\n\t\t\t\t\t\t\n\t\t\t\t\t\t\t\t\t\t\t\t\t<div class=\"bdt-slide-link-wrapper\">\n\t\t\t\t\t\t\t\t<a class=\"bdt-slide-link\" href=\"#\">\n\n\t\t\t\t\t\t\t\t\t\n\t\t\t\t\t\t\t\t\t\t\t\t\t\t\t\t\t<\/a>\n\t\t\t\t\t\t\t<\/div>\n\t\t\t\t\t\t\t\t\t\t\t<\/div>\n\n\t\t\t\t\n\t\t\t<\/div>\n\t\t\t\t\t<\/div>\n\t\t\t\t<\/div>\n\n\t\t\t\t\t<div class=\"bdt-position-z-index bdt-position-center bdt-visible@m\">\n\t\t\t\t<div class=\"bdt-arrows-container bdt-slidenav-container\">\n\t\t\t\t\t<a href=\"\" class=\"bdt-navigation-prev bdt-slidenav-previous bdt-icon bdt-slidenav\">\n\t\t\t\t\t\t<i class=\"ep-icon-arrow-left-0\" aria-hidden=\"true\"><\/i>\n\t\t\t\t\t<\/a>\n\t\t\t\t\t<a href=\"\" class=\"bdt-navigation-next bdt-slidenav-next bdt-icon bdt-slidenav\">\n\t\t\t\t\t\t<i class=\"ep-icon-arrow-right-0\" aria-hidden=\"true\"><\/i>\n\t\t\t\t\t<\/a>\n\t\t\t\t<\/div>\n\t\t\t<\/div>\n\t\t\t\t<\/div>\n\t\t\t\t<\/div>\n\t\t\t\t<\/div>\n\t\t\t\t<div class=\"elementor-element elementor-element-8126a3a elementor-widget elementor-widget-heading\" data-id=\"8126a3a\" data-element_type=\"widget\" data-widget_type=\"heading.default\">\n\t\t\t\t<div class=\"elementor-widget-container\">\n\t\t\t<h2 class=\"elementor-heading-title elementor-size-default\">O jedrilici Petar Pan<\/h2>\t\t<\/div>\n\t\t\t\t<\/div>\n\t\t\t\t<div class=\"elementor-element elementor-element-ce6861c elementor-widget elementor-widget-text-editor\" data-id=\"ce6861c\" data-element_type=\"widget\" data-widget_type=\"text-editor.default\">\n\t\t\t\t<div class=\"elementor-widget-container\">\n\t\t\t<style>\/*! elementor - v3.23.0 - 05-08-2024 *\/\n.elementor-widget-text-editor.elementor-drop-cap-view-stacked .elementor-drop-cap{background-color:#69727d;color:#fff}.elementor-widget-text-editor.elementor-drop-cap-view-framed .elementor-drop-cap{color:#69727d;border:3px solid;background-color:transparent}.elementor-widget-text-editor:not(.elementor-drop-cap-view-default) .elementor-drop-cap{margin-top:8px}.elementor-widget-text-editor:not(.elementor-drop-cap-view-default) .elementor-drop-cap-letter{width:1em;height:1em}.elementor-widget-text-editor .elementor-drop-cap{float:left;text-align:center;line-height:1;font-size:50px}.elementor-widget-text-editor .elementor-drop-cap-letter{display:inline-block}<\/style>\t\t\t\t<p>Dragi posetio\u010de, prva vlasnl\u010dka jedrilica koju sam kupio pre 10-tak godina dopala je u moje privatno vlasni\u0161tvo na veoma te\u017eak na\u010din. U najkra\u0107im crtama sam tada morao &#8216;surfovati&#8217; Internetom prose\u010dno najmanje od 4-6 \u010dasova pa do 10-12 sati dnevno u raznim pretragama po svim mogu\u0107im portalima kupoprodaje po celom svetu.\u00a0<\/p><p>Shvatio sam probleme sopstvenih zahteva, \u017eelja, financijskih mogu\u0107nosti, obi\u010dno nedovoljne\u00a0 od postije\u0107ih, a imao sam toliko prepiski mailovima i sms-om da bih mogao knjigu napisati.<\/p><p>Pou\u010den svojim isustvom i uverenjem u realno ozbiljnu kupoprodaju \u010dak i novembru i decembu mjesecu, pomislio sam &#8216;hajde da se kada je ve\u0107 tako, da se po\u010dnem baviti tim biznisom&#8217;!\u00a0<\/p><p>Naravno to mi zaista NIKADA nije bio cilj, jer sam zavisan i\u00a0 indoktriniran \u0161to ve\u0107em boravku na jedrilici i plovidbama.\u00a0<\/p><p>Ideja mi je pomo\u0107i jedrili\u010darima, pogotovu novim- da im savetima, uputima i informacijam nekako skratim put do njihovog sna, kao \u0161to je i meni pomogla g-\u0111a Liza Klark iz USA kada mi je to bilo potrebno. Nje ima na sajtovima \u0161irom sveta, napustila je \u017eivot na kopnu i putuje svetom sama sa macom na svojoj jedrilici koja ju je promenila \u017eivot.<\/p>\t\t\t\t\t\t<\/div>\n\t\t\t\t<\/div>\n\t\t\t\t<\/div>\n\t\t<div class=\"elementor-element elementor-element-727a94a e-con-full e-flex wpr-particle-no wpr-jarallax-no wpr-parallax-no wpr-sticky-section-no e-con e-child\" data-id=\"727a94a\" data-element_type=\"container\">\n\t\t\t\t<div class=\"elementor-element elementor-element-d5bfb30 elementor-widget elementor-widget-bdt-contact-form\" data-id=\"d5bfb30\" data-element_type=\"widget\" data-widget_type=\"bdt-contact-form.default\">\n\t\t\t\t<div class=\"elementor-widget-container\">\n\t\t\t\t\t<div class=\"bdt-contact-form bdt-contact-form-skin-default\">\n\t\t\t<div class=\"elementor-form-fields-wrapper\">\n\t\t\t\t\t\t<div class=\"bdt-contact-form-wrapper\">\n\t\t\t<form class=\"bdt-contact-form-form bdt-form-stacked bdt-grid bdt-grid-small without-recaptcha\" data-bdt-grid=\"\" action=\"https:\/\/www.jedrenje-joga.org.rs\/wp-admin\/admin-ajax.php\" method=\"post\">\n\n\t\t\t\t\n\t\t\t\t\t<div class=\"bdt-field-group elementor-field-required bdt-width-1-1\">\n\t\t\t\t\t\t<label for=\"user_named5bfb30\" class=\"bdt-form-label\">Name*<\/label><div class=\"bdt-form-controls\"><input type=\"text\" name=\"name\" id=\"user_named5bfb30\" placeholder=\"Your Name\" class=\"bdt-input bdt-form-default\" required =\"required\"><\/div>\t\t\t\t\t<\/div>\n\n\t\t\t\t\t<div class=\"bdt-field-group elementor-field-required bdt-width-1-1\">\n\t\t\t\t\t\t<label for=\"emaild5bfb30\" class=\"bdt-form-label\">Email*<\/label><div class=\"bdt-form-controls\"><input type=\"email\" name=\"email\" id=\"emaild5bfb30\" placeholder=\"example@email.com\" class=\"bdt-input bdt-form-default\" required=\"required\"><\/div>\t\t\t\t\t<\/div>\n\n\t\t\t\t\t\t\t\t\t\t\t<div class=\"bdt-field-group bdt-width-1-1 elementor-field-required\">\n\t\t\t\t\t\t\t<label for=\"contactd5bfb30\" class=\"bdt-form-label\">Contact Number*<\/label><div class=\"bdt-form-controls\"><input type=\"tel\" name=\"contact\" id=\"contactd5bfb30\" placeholder=\"Your Contact Number\" class=\"bdt-input bdt-form-default\"><\/div>\t\t\t\t\t\t<\/div>\n\t\t\t\t\t\n\t\t\t\t\t\t\t\t\t\t\t<div class=\"bdt-field-group bdt-width-1-1 elementor-field-required\">\n\t\t\t\t\t\t\t<label for=\"subjectd5bfb30\" class=\"bdt-form-label\">Subject*<\/label><div class=\"bdt-form-controls\"><input type=\"text\" name=\"subject\" id=\"subjectd5bfb30\" placeholder=\"Your Message Subject\" class=\"bdt-input bdt-form-default\" required=\"required\"><\/div>\t\t\t\t\t\t<\/div>\n\t\t\t\t\t\n\t\t\t\t\t\n\t\t\t\t\t\t\t\t\t\t\t<div class=\"bdt-field-group bdt-width-1-1 elementor-field-required\">\n\t\t\t\t\t\t\t<label for=\"messaged5bfb30\" class=\"bdt-form-label\">Your Message*<\/label><div class=\"bdt-form-controls\"><textarea name=\"message\" id=\"messaged5bfb30\" rows=\"5\" placeholder=\"Your Message Here\" class=\"bdt-textarea bdt-form-default\" required=\"required\"><\/textarea><\/div>\t\t\t\t\t\t<\/div>\n\t\t\t\t\t\n\t\t\t\t\t\n\n\t\t\t\t\t\n\t\t\t\t\t\n\t\t\t\t\t<input type=\"hidden\" class=\"widget_id\" name=\"widget_id\" value=\"d5bfb30\" \/>\n\t\t\t\t\t<input type=\"hidden\" name=\"bdt-sf-d5bfb30\" value=\"true\" \/>\n\t\t\t\t\t<input type=\"hidden\" class=\"page_id\" name=\"page_id\" value=\"537\" \/>\n\n\t\t\t\t\t<div class=\"elementor-field-type-submit bdt-field-group bdt-flex bdt-width-1-1\">\n\t\t\t\t\t\t<button type=\"submit\" class=\"elementor-button bdt-button bdt-button-primary\" name=\"submit\">\n\t\t\t\t\t\t\t\t\t\t\t\t\t\t\t<span>\n\t\t\t\t\t\t\t\t\tSend an inquiry\t\t\t\t\t\t\t\t<\/span>\n\t\t\t\t\t\t\t\t\t\t\t\t\t<\/button>\n\t\t\t\t\t<\/div>\n\n\t\t\t\t\t<input name=\"_wpnonce\" value=\"0a3db956d8\" type=\"hidden\">\n\n\t\t\t\t\t<input type=\"hidden\" name=\"action\" value=\"element_pack_contact_form\" \/>\n\n\t\t\t\t\t\n\t\t\t<\/form>\n\t\t<\/div>\n\t\t\t\t\t<\/div>\n\t\t<\/div>\n\t\t\t\t<\/div>\n\t\t\t\t<\/div>\n\t\t\t\t<\/div>\n\t\t\t\t\t<\/div>\n\t\t\t\t<\/div>\n\t\t\t\t<\/div>","protected":false},"excerpt":{"rendered":"<p>Kupovina jedrilice O jedrilici Petar Pan Dragi posetio\u010de, prva vlasnl\u010dka jedrilica koju sam kupio pre 10-tak godina dopala je u moje privatno vlasni\u0161tvo na veoma te\u017eak na\u010din. U najkra\u0107im crtama sam tada morao &#8216;surfovati&#8217; Internetom prose\u010dno najmanje od 4-6 \u010dasova pa do 10-12 sati dnevno u raznim pretragama po svim mogu\u0107im portalima kupoprodaje po celom svetu.\u00a0 Shvatio sam probleme sopstvenih zahteva, \u017eelja, financijskih mogu\u0107nosti, obi\u010dno nedovoljne\u00a0 od postije\u0107ih, a imao sam toliko prepiski mailovima i sms-om da bih mogao knjigu napisati. Pou\u010den svojim isustvom i uverenjem u realno ozbiljnu kupoprodaju \u010dak i novembru i decembu mjesecu, pomislio sam &#8216;hajde da se kada je ve\u0107 tako, da se po\u010dnem baviti tim biznisom&#8217;!\u00a0 Naravno to mi zaista NIKADA nije bio cilj, jer sam zavisan i\u00a0 indoktriniran \u0161to ve\u0107em boravku na jedrilici i plovidbama.\u00a0 Ideja mi je pomo\u0107i jedrili\u010darima, pogotovu novim- da im savetima, uputima i informacijam nekako skratim put do njihovog sna, kao \u0161to je i meni pomogla g-\u0111a Liza Klark iz USA kada mi je to bilo potrebno. Nje ima na sajtovima \u0161irom sveta, napustila je \u017eivot na kopnu i putuje svetom sama sa macom na svojoj jedrilici koja ju je promenila \u017eivot. Name* Email* Contact Number* Subject* Your Message* Po\u0161aljite upit<\/p>","protected":false},"author":1,"featured_media":0,"parent":0,"menu_order":0,"comment_status":"closed","ping_status":"closed","template":"","meta":{"footnotes":""},"class_list":["post-537","page","type-page","status-publish","hentry"],"blocksy_meta":[],"_links":{"self":[{"href":"https:\/\/www.jedrenje-joga.org.rs\/en\/wp-json\/wp\/v2\/pages\/537","targetHints":{"allow":["GET"]}}],"collection":[{"href":"https:\/\/www.jedrenje-joga.org.rs\/en\/wp-json\/wp\/v2\/pages"}],"about":[{"href":"https:\/\/www.jedrenje-joga.org.rs\/en\/wp-json\/wp\/v2\/types\/page"}],"author":[{"embeddable":true,"href":"https:\/\/www.jedrenje-joga.org.rs\/en\/wp-json\/wp\/v2\/users\/1"}],"replies":[{"embeddable":true,"href":"https:\/\/www.jedrenje-joga.org.rs\/en\/wp-json\/wp\/v2\/comments?post=537"}],"version-history":[{"count":11,"href":"https:\/\/www.jedrenje-joga.org.rs\/en\/wp-json\/wp\/v2\/pages\/537\/revisions"}],"predecessor-version":[{"id":712,"href":"https:\/\/www.jedrenje-joga.org.rs\/en\/wp-json\/wp\/v2\/pages\/537\/revisions\/712"}],"wp:attachment":[{"href":"https:\/\/www.jedrenje-joga.org.rs\/en\/wp-json\/wp\/v2\/media?parent=537"}],"curies":[{"name":"wp","href":"https:\/\/api.w.org\/{rel}","templated":true}]}}